{"id":14,"date":"2025-05-29T22:15:11","date_gmt":"2025-05-29T22:15:11","guid":{"rendered":"http:\/\/sgpavimentos.cl\/sitio\/?page_id=14"},"modified":"2025-09-26T18:50:16","modified_gmt":"2025-09-26T18:50:16","slug":"contacto","status":"publish","type":"page","link":"https:\/\/sgpavimentos.cl\/sitio\/contacto\/","title":{"rendered":"Contacto"},"content":{"rendered":"<style>.kb-row-layout-id14_ae9a6e-1f > .kt-row-column-wrap{align-content:start;}:where(.kb-row-layout-id14_ae9a6e-1f > .kt-row-column-wrap) > .wp-block-kadence-column{justify-content:start;}.kb-row-layout-id14_ae9a6e-1f > .kt-row-column-wrap{column-gap:var(--global-kb-gap-md, 2rem);row-gap:var(--global-kb-gap-md, 2rem);max-width:var( --global-content-width, 1024px );padding-left:var(--global-content-edge-padding);padding-right:var(--global-content-edge-padding);padding-top:var(--global-kb-spacing-sm, 1.5rem);padding-bottom:var(--global-kb-spacing-sm, 1.5rem);grid-template-columns:minmax(0, calc(50% - ((var(--global-kb-gap-md, 2rem) * 1 )\/2)))minmax(0, calc(50% - ((var(--global-kb-gap-md, 2rem) * 1 )\/2)));}.kb-row-layout-id14_ae9a6e-1f > .kt-row-layout-overlay{opacity:0.07;}@media all and (max-width: 1024px){.kb-row-layout-id14_ae9a6e-1f > .kt-row-column-wrap{grid-template-columns:repeat(2, minmax(0, 1fr));}}@media all and (max-width: 767px){.kb-row-layout-id14_ae9a6e-1f > .kt-row-column-wrap{grid-template-columns:minmax(0, 1fr);}}<\/style><div class=\"kb-row-layout-wrap kb-row-layout-id14_ae9a6e-1f alignnone wp-block-kadence-rowlayout\"><div class=\"kt-row-column-wrap kt-has-2-columns kt-row-layout-equal kt-tab-layout-inherit kt-mobile-layout-row kt-row-valign-top kb-theme-content-width\">\n<style>.kadence-column14_8d12ed-ac > .kt-inside-inner-col,.kadence-column14_8d12ed-ac > .kt-inside-inner-col:before{border-top-left-radius:0px;border-top-right-radius:0px;border-bottom-right-radius:0px;border-bottom-left-radius:0px;}.kadence-column14_8d12ed-ac > .kt-inside-inner-col{column-gap:var(--global-kb-gap-sm, 1rem);}.kadence-column14_8d12ed-ac > .kt-inside-inner-col{flex-direction:column;}.kadence-column14_8d12ed-ac > .kt-inside-inner-col > .aligncenter{width:100%;}.kadence-column14_8d12ed-ac > .kt-inside-inner-col:before{opacity:0.3;}.kadence-column14_8d12ed-ac{position:relative;}@media all and (max-width: 1024px){.kadence-column14_8d12ed-ac > .kt-inside-inner-col{flex-direction:column;}}@media all and (max-width: 767px){.kadence-column14_8d12ed-ac > .kt-inside-inner-col{flex-direction:column;}}<\/style>\n<div class=\"wp-block-kadence-column kadence-column14_8d12ed-ac\"><div class=\"kt-inside-inner-col\">\n<div class=\"wpcf7 no-js\" id=\"wpcf7-f54-o1\" lang=\"es-ES\" dir=\"ltr\" data-wpcf7-id=\"54\">\n<div class=\"screen-reader-response\"><p role=\"status\" aria-live=\"polite\" aria-atomic=\"true\"><\/p> <ul><\/ul><\/div>\n<form action=\"\/sitio\/wp-json\/wp\/v2\/pages\/14#wpcf7-f54-o1\" method=\"post\" class=\"wpcf7-form init\" aria-label=\"Formulario de contacto\" novalidate=\"novalidate\" data-status=\"init\">\n<div style=\"display: none;\">\n<input type=\"hidden\" name=\"_wpcf7\" value=\"54\" \/>\n<input type=\"hidden\" name=\"_wpcf7_version\" value=\"6.0.6\" \/>\n<input type=\"hidden\" name=\"_wpcf7_locale\" value=\"es_ES\" \/>\n<input type=\"hidden\" name=\"_wpcf7_unit_tag\" value=\"wpcf7-f54-o1\" \/>\n<input type=\"hidden\" name=\"_wpcf7_container_post\" value=\"0\" \/>\n<input type=\"hidden\" name=\"_wpcf7_posted_data_hash\" value=\"\" \/>\n<\/div>\n<p><span class=\"wpcf7-form-control-wrap\" data-name=\"your-name\"><input size=\"40\" maxlength=\"400\" class=\"wpcf7-form-control wpcf7-text wpcf7-validates-as-required margen-abajo\" aria-required=\"true\" aria-invalid=\"false\" placeholder=\"* Tu nombre\" value=\"\" type=\"text\" name=\"your-name\" \/><\/span>\n<\/p>\n<p><span class=\"wpcf7-form-control-wrap\" data-name=\"your-email\"><input size=\"40\" maxlength=\"400\" class=\"wpcf7-form-control wpcf7-email wpcf7-validates-as-required wpcf7-text wpcf7-validates-as-email margen-abajo\" aria-required=\"true\" aria-invalid=\"false\" placeholder=\"* Tu correo electr\u00f3nico\" value=\"\" type=\"email\" name=\"your-email\" \/><\/span>\n<\/p>\n<p><span class=\"wpcf7-form-control-wrap\" data-name=\"telefono\"><input size=\"40\" maxlength=\"400\" class=\"wpcf7-form-control wpcf7-tel wpcf7-validates-as-required wpcf7-text wpcf7-validates-as-tel margen-abajo\" aria-required=\"true\" aria-invalid=\"false\" placeholder=\"* Tel\u00e9fono\" value=\"\" type=\"tel\" name=\"telefono\" \/><\/span>\n<\/p>\n<p><span class=\"wpcf7-form-control-wrap\" data-name=\"text-asunto\"><input size=\"40\" maxlength=\"400\" class=\"wpcf7-form-control wpcf7-text wpcf7-validates-as-required margen-abajo\" aria-required=\"true\" aria-invalid=\"false\" placeholder=\"* Asunto\" value=\"\" type=\"text\" name=\"text-asunto\" \/><\/span>\n<\/p>\n<p><span class=\"wpcf7-form-control-wrap\" data-name=\"your-message\"><textarea cols=\"40\" rows=\"4\" maxlength=\"2000\" class=\"wpcf7-form-control wpcf7-textarea margen-abajo\" aria-invalid=\"false\" placeholder=\"Tu mensaje (opcional)\" name=\"your-message\"><\/textarea><\/span>\n<\/p>\n<p><input class=\"wpcf7-form-control wpcf7-submit has-spinner\" type=\"submit\" value=\"Enviar\" \/>\n<\/p><div class=\"wpcf7-response-output\" aria-hidden=\"true\"><\/div>\n<\/form>\n<\/div>\n\n<\/div><\/div>\n\n\n<style>.kadence-column14_54333b-ba > .kt-inside-inner-col,.kadence-column14_54333b-ba > .kt-inside-inner-col:before{border-top-left-radius:0px;border-top-right-radius:0px;border-bottom-right-radius:0px;border-bottom-left-radius:0px;}.kadence-column14_54333b-ba > .kt-inside-inner-col{column-gap:var(--global-kb-gap-sm, 1rem);}.kadence-column14_54333b-ba > .kt-inside-inner-col{flex-direction:column;}.kadence-column14_54333b-ba > .kt-inside-inner-col > .aligncenter{width:100%;}.kadence-column14_54333b-ba > .kt-inside-inner-col:before{opacity:0.3;}.kadence-column14_54333b-ba{position:relative;}@media all and (max-width: 1024px){.kadence-column14_54333b-ba > .kt-inside-inner-col{flex-direction:column;}}@media all and (max-width: 767px){.kadence-column14_54333b-ba > .kt-inside-inner-col{flex-direction:column;}}<\/style>\n<div class=\"wp-block-kadence-column kadence-column14_54333b-ba\"><div class=\"kt-inside-inner-col\"><style>.wp-block-kadence-iconlist.kt-svg-icon-list-items14_c99a72-e9:not(.this-stops-third-party-issues){margin-top:0px;margin-bottom:0px;}.wp-block-kadence-iconlist.kt-svg-icon-list-items14_c99a72-e9 ul.kt-svg-icon-list:not(.this-prevents-issues):not(.this-stops-third-party-issues):not(.tijsloc){margin-top:0px;margin-right:0px;margin-bottom:var(--global-kb-spacing-sm, 1.5rem);margin-left:0px;}.wp-block-kadence-iconlist.kt-svg-icon-list-items14_c99a72-e9 ul.kt-svg-icon-list{grid-row-gap:5px;}.wp-block-kadence-iconlist.kt-svg-icon-list-items14_c99a72-e9 ul.kt-svg-icon-list .kt-svg-icon-list-item-wrap .kt-svg-icon-list-single{margin-right:10px;}.kt-svg-icon-list-items14_c99a72-e9 ul.kt-svg-icon-list .kt-svg-icon-list-level-0 .kt-svg-icon-list-single svg{font-size:20px;}<\/style>\n<div class=\"wp-block-kadence-iconlist kt-svg-icon-list-items kt-svg-icon-list-items14_c99a72-e9 kt-svg-icon-list-columns-1 alignnone kt-list-icon-aligntop\"><ul class=\"kt-svg-icon-list\"><style>.kt-svg-icon-list-item-14_07f2be-30 .kt-svg-icon-list-text mark.kt-highlight{background-color:unset;font-style:normal;color:#f76a0c;-webkit-box-decoration-break:clone;box-decoration-break:clone;padding-top:0px;padding-right:0px;padding-bottom:0px;padding-left:0px;}<\/style>\n<li class=\"wp-block-kadence-listitem kt-svg-icon-list-item-wrap kt-svg-icon-list-item-14_07f2be-30\"><a href=\"https:\/\/sgpavimentos.cl\" class=\"kt-svg-icon-link\"><span class=\"kb-svg-icon-wrap kb-svg-icon-fe_globe kt-svg-icon-list-single\"><svg viewBox=\"0 0 24 24\"  fill=\"none\" stroke=\"currentColor\" stroke-width=\"2\" stroke-linecap=\"round\" stroke-linejoin=\"round\" xmlns=\"http:\/\/www.w3.org\/2000\/svg\"  aria-hidden=\"true\"><circle cx=\"12\" cy=\"12\" r=\"10\"\/><line x1=\"2\" y1=\"12\" x2=\"22\" y2=\"12\"\/><path d=\"M12 2a15.3 15.3 0 0 1 4 10 15.3 15.3 0 0 1-4 10 15.3 15.3 0 0 1-4-10 15.3 15.3 0 0 1 4-10z\"\/><\/svg><\/span><span class=\"kt-svg-icon-list-text\">www.sgpavimentos.cl<\/span><\/a><\/li>\n\n\n<style>.kt-svg-icon-list-item-14_fa81a9-29 .kt-svg-icon-list-text mark.kt-highlight{background-color:unset;font-style:normal;color:#f76a0c;-webkit-box-decoration-break:clone;box-decoration-break:clone;padding-top:0px;padding-right:0px;padding-bottom:0px;padding-left:0px;}<\/style>\n<li class=\"wp-block-kadence-listitem kt-svg-icon-list-item-wrap kt-svg-icon-list-item-14_fa81a9-29\"><a href=\"mailto:contacto@sgpavimentos.cl\" class=\"kt-svg-icon-link\"><span class=\"kb-svg-icon-wrap kb-svg-icon-fe_mail kt-svg-icon-list-single\"><svg viewBox=\"0 0 24 24\"  fill=\"none\" stroke=\"currentColor\" stroke-width=\"2\" stroke-linecap=\"round\" stroke-linejoin=\"round\" xmlns=\"http:\/\/www.w3.org\/2000\/svg\"  aria-hidden=\"true\"><path d=\"M4 4h16c1.1 0 2 .9 2 2v12c0 1.1-.9 2-2 2H4c-1.1 0-2-.9-2-2V6c0-1.1.9-2 2-2z\"\/><polyline points=\"22,6 12,13 2,6\"\/><\/svg><\/span><span class=\"kt-svg-icon-list-text\">contacto@sgpavimentos.cl<\/span><\/a><\/li>\n\n\n<style>.kt-svg-icon-list-item-14_56316e-61 .kt-svg-icon-list-text mark.kt-highlight{background-color:unset;font-style:normal;color:#f76a0c;-webkit-box-decoration-break:clone;box-decoration-break:clone;padding-top:0px;padding-right:0px;padding-bottom:0px;padding-left:0px;}<\/style>\n<li class=\"wp-block-kadence-listitem kt-svg-icon-list-item-wrap kt-svg-icon-list-item-14_56316e-61\"><a href=\"tel:972169224\" class=\"kt-svg-icon-link\" target=\"_blank\" rel=\"noopener noreferrer\"><span class=\"kb-svg-icon-wrap kb-svg-icon-fe_tablet kt-svg-icon-list-single\"><svg viewBox=\"0 0 24 24\"  fill=\"none\" stroke=\"currentColor\" stroke-width=\"2\" stroke-linecap=\"round\" stroke-linejoin=\"round\" xmlns=\"http:\/\/www.w3.org\/2000\/svg\"  aria-hidden=\"true\"><rect x=\"4\" y=\"2\" width=\"16\" height=\"20\" rx=\"2\" ry=\"2\" transform=\"rotate(180 12 12)\"\/><line x1=\"12\" y1=\"18\" x2=\"12\" y2=\"18\"\/><\/svg><\/span><span class=\"kt-svg-icon-list-text\">9 7216 9224<\/span><\/a><\/li>\n\n\n<style>.kt-svg-icon-list-item-14_2b0a98-98 .kt-svg-icon-list-text mark.kt-highlight{background-color:unset;font-style:normal;color:#f76a0c;-webkit-box-decoration-break:clone;box-decoration-break:clone;padding-top:0px;padding-right:0px;padding-bottom:0px;padding-left:0px;}<\/style>\n<li class=\"wp-block-kadence-listitem kt-svg-icon-list-item-wrap kt-svg-icon-list-item-14_2b0a98-98\"><a href=\"tel:974346611 \" class=\"kt-svg-icon-link\"><span class=\"kb-svg-icon-wrap kb-svg-icon-fe_tablet kt-svg-icon-list-single\"><svg viewBox=\"0 0 24 24\"  fill=\"none\" stroke=\"currentColor\" stroke-width=\"2\" stroke-linecap=\"round\" stroke-linejoin=\"round\" xmlns=\"http:\/\/www.w3.org\/2000\/svg\"  aria-hidden=\"true\"><rect x=\"4\" y=\"2\" width=\"16\" height=\"20\" rx=\"2\" ry=\"2\" transform=\"rotate(180 12 12)\"\/><line x1=\"12\" y1=\"18\" x2=\"12\" y2=\"18\"\/><\/svg><\/span><span class=\"kt-svg-icon-list-text\">9 7434 6611<\/span><\/a><\/li>\n\n\n<style>.kt-svg-icon-list-item-14_c3e31d-c5 .kt-svg-icon-list-text mark.kt-highlight{background-color:unset;font-style:normal;color:#f76a0c;-webkit-box-decoration-break:clone;box-decoration-break:clone;padding-top:0px;padding-right:0px;padding-bottom:0px;padding-left:0px;}<\/style>\n<li class=\"wp-block-kadence-listitem kt-svg-icon-list-item-wrap kt-svg-icon-list-item-14_c3e31d-c5\"><a href=\"https:\/\/maps.app.goo.gl\/YErBMkE8zr6GFwVG7\" class=\"kt-svg-icon-link\" target=\"_blank\" rel=\"noopener noreferrer\"><span class=\"kb-svg-icon-wrap kb-svg-icon-fe_mapPin kt-svg-icon-list-single\"><svg viewBox=\"0 0 24 24\"  fill=\"none\" stroke=\"currentColor\" stroke-width=\"2\" stroke-linecap=\"round\" stroke-linejoin=\"round\" xmlns=\"http:\/\/www.w3.org\/2000\/svg\"  aria-hidden=\"true\"><path d=\"M21 10c0 7-9 13-9 13s-9-6-9-13a9 9 0 0 1 18 0z\"\/><circle cx=\"12\" cy=\"10\" r=\"3\"\/><\/svg><\/span><span class=\"kt-svg-icon-list-text\"><a href=\"https:\/\/maps.app.goo.gl\/YErBMkE8zr6GFwVG7\" target=\"_blank\" rel=\"noreferrer noopener\">Pje. Tres Pte. 2229, Talca<\/a><\/span><\/a><\/li>\n<\/ul><\/div>\n\n\n<style>.wp-block-kadence-spacer.kt-block-spacer-14_6c3418-43 .kt-block-spacer{height:6px;}.wp-block-kadence-spacer.kt-block-spacer-14_6c3418-43 .kt-divider{border-top-width:1px;height:1px;border-top-color:#ff6600;width:80%;border-top-style:solid;}<\/style>\n<div class=\"wp-block-kadence-spacer aligncenter kt-block-spacer-14_6c3418-43\"><div class=\"kt-block-spacer kt-block-spacer-halign-center\"><hr class=\"kt-divider\"\/><\/div><\/div>\n\n\n<style>.wp-block-kadence-iconlist.kt-svg-icon-list-items14_7f7377-cf:not(.this-stops-third-party-issues){margin-top:0px;margin-bottom:0px;}.wp-block-kadence-iconlist.kt-svg-icon-list-items14_7f7377-cf ul.kt-svg-icon-list:not(.this-prevents-issues):not(.this-stops-third-party-issues):not(.tijsloc){margin-top:0px;margin-right:0px;margin-bottom:var(--global-kb-spacing-sm, 1.5rem);margin-left:0px;}.wp-block-kadence-iconlist.kt-svg-icon-list-items14_7f7377-cf ul.kt-svg-icon-list{grid-row-gap:5px;}.wp-block-kadence-iconlist.kt-svg-icon-list-items14_7f7377-cf ul.kt-svg-icon-list .kt-svg-icon-list-item-wrap .kt-svg-icon-list-single{margin-right:10px;}.kt-svg-icon-list-items14_7f7377-cf ul.kt-svg-icon-list .kt-svg-icon-list-level-0 .kt-svg-icon-list-single svg{font-size:20px;}<\/style>\n<div class=\"wp-block-kadence-iconlist kt-svg-icon-list-items kt-svg-icon-list-items14_7f7377-cf kt-svg-icon-list-columns-1 alignnone kt-list-icon-aligntop\"><ul class=\"kt-svg-icon-list\"><style>.kt-svg-icon-list-item-14_512a88-49 .kt-svg-icon-list-text mark.kt-highlight{background-color:unset;font-style:normal;color:#f76a0c;-webkit-box-decoration-break:clone;box-decoration-break:clone;padding-top:0px;padding-right:0px;padding-bottom:0px;padding-left:0px;}<\/style>\n<li class=\"wp-block-kadence-listitem kt-svg-icon-list-item-wrap kt-svg-icon-list-item-14_512a88-49\"><span class=\"kb-svg-icon-wrap kb-svg-icon-fe_checkCircle kt-svg-icon-list-single\"><svg viewBox=\"0 0 24 24\"  fill=\"none\" stroke=\"currentColor\" stroke-width=\"2\" stroke-linecap=\"round\" stroke-linejoin=\"round\" xmlns=\"http:\/\/www.w3.org\/2000\/svg\"  aria-hidden=\"true\"><path d=\"M22 11.08V12a10 10 0 1 1-5.93-9.14\"\/><polyline points=\"22 4 12 14.01 9 11.01\"\/><\/svg><\/span><span class=\"kt-svg-icon-list-text\"><strong>Hora de Atenci\u00f3n <\/strong><\/span><\/li>\n\n\n<style>.kt-svg-icon-list-item-14_edaa1c-08 .kt-svg-icon-list-text mark.kt-highlight{background-color:unset;font-style:normal;color:#f76a0c;-webkit-box-decoration-break:clone;box-decoration-break:clone;padding-top:0px;padding-right:0px;padding-bottom:0px;padding-left:0px;}<\/style>\n<li class=\"wp-block-kadence-listitem kt-svg-icon-list-item-wrap kt-svg-icon-list-item-14_edaa1c-08\"><span class=\"kb-svg-icon-wrap kb-svg-icon-fe_clock kt-svg-icon-list-single\"><svg viewBox=\"0 0 24 24\"  fill=\"none\" stroke=\"currentColor\" stroke-width=\"2\" stroke-linecap=\"round\" stroke-linejoin=\"round\" xmlns=\"http:\/\/www.w3.org\/2000\/svg\"  aria-hidden=\"true\"><circle cx=\"12\" cy=\"12\" r=\"10\"\/><polyline points=\"12 6 12 12 16 14\"\/><\/svg><\/span><span class=\"kt-svg-icon-list-text\"><strong>24\/7<\/strong><\/span><\/li>\n<\/ul><\/div>\n<\/div><\/div>\n\n<\/div><\/div>\n\n<style>.kb-google-maps-container14_c9ab33-de{height:350px;}<\/style><div class=\"kb-google-maps-container kb-google-maps-container14_c9ab33-de  wp-block-kadence-googlemaps\" data-mapid=\"14_c9ab33de\"><iframe width=\"100%\" height=\"100%\"\n\t\t\t\t\t\t\tstyle=\"border:0\" loading=\"lazy\"\n\t\t\t\t\t\t\tsrc=\"https:\/\/www.google.com\/maps\/embed\/v1\/place?key=AIzaSyBAM2o7PiQqwk15LC1XRH2e_KJ-jUa7KYk&#038;zoom=13&#038;maptype=roadmap&#038;q=Pje.+Tres+Pte.+2229%2C+Talca\"\n\t\t\t\t\t\t\ttitle=\"Mapa de Google de Pje. Tres Pte. 2229, Talca\"><\/iframe><\/div><script>function kb_google_map14_c9ab33de() { let center = { lat: 37.8201, lng: -122.4781}; let map = new google.maps.Map(document.getElementById(\"kb-google-map14_c9ab33de\"), {\n\t\t\t\t\t    zoom: 13,\n\t\t\t\t\t    center: center,});let marker = new google.maps.Marker({   position: { lat: 37.8201, lng: -122.4781},    map: map,  });}<\/script>","protected":false},"excerpt":{"rendered":"","protected":false},"author":1,"featured_media":0,"parent":0,"menu_order":0,"comment_status":"closed","ping_status":"closed","template":"","meta":{"pagelayer_contact_templates":[],"_pagelayer_content":"","_kad_post_transparent":"","_kad_post_title":"","_kad_post_layout":"","_kad_post_sidebar_id":"","_kad_post_content_style":"","_kad_post_vertical_padding":"","_kad_post_feature":"","_kad_post_feature_position":"","_kad_post_header":false,"_kad_post_footer":false,"footnotes":""},"class_list":["post-14","page","type-page","status-publish","hentry"],"yoast_head":"<!-- This site is optimized with the Yoast SEO plugin v25.3.1 - https:\/\/yoast.com\/wordpress\/plugins\/seo\/ -->\n<title>Contacto - PAVIMENTOS INDUSTRIALES S.G.<\/title>\n<meta name=\"description\" content=\"Las \u00e1reas de trabajo: Microempresa, Mediana Empresa, Peque\u00f1a Empresa, Microempresa o particulares - Regi\u00f3n del Maule - Talca y alrededores\" \/>\n<meta name=\"robots\" content=\"index, follow, max-snippet:-1, max-image-preview:large, max-video-preview:-1\" \/>\n<link rel=\"canonical\" href=\"https:\/\/sgpavimentos.cl\/sitio\/contacto\/\" \/>\n<meta property=\"og:locale\" content=\"es_ES\" \/>\n<meta property=\"og:type\" content=\"article\" \/>\n<meta property=\"og:title\" content=\"Contacto - PAVIMENTOS INDUSTRIALES S.G.\" \/>\n<meta property=\"og:description\" content=\"Las \u00e1reas de trabajo: Microempresa, Mediana Empresa, Peque\u00f1a Empresa, Microempresa o particulares - Regi\u00f3n del Maule - Talca y alrededores\" \/>\n<meta property=\"og:url\" content=\"https:\/\/sgpavimentos.cl\/sitio\/contacto\/\" \/>\n<meta property=\"og:site_name\" content=\"PAVIMENTOS INDUSTRIALES S.G.\" \/>\n<meta property=\"article:modified_time\" content=\"2025-09-26T18:50:16+00:00\" \/>\n<meta name=\"twitter:card\" content=\"summary_large_image\" \/>\n<meta name=\"twitter:label1\" content=\"Tiempo de lectura\" \/>\n\t<meta name=\"twitter:data1\" content=\"1 minuto\" \/>\n<script type=\"application\/ld+json\" class=\"yoast-schema-graph\">{\"@context\":\"https:\/\/schema.org\",\"@graph\":[{\"@type\":\"WebPage\",\"@id\":\"https:\/\/sgpavimentos.cl\/sitio\/contacto\/\",\"url\":\"https:\/\/sgpavimentos.cl\/sitio\/contacto\/\",\"name\":\"Contacto - PAVIMENTOS INDUSTRIALES S.G.\",\"isPartOf\":{\"@id\":\"https:\/\/sgpavimentos.cl\/sitio\/#website\"},\"datePublished\":\"2025-05-29T22:15:11+00:00\",\"dateModified\":\"2025-09-26T18:50:16+00:00\",\"description\":\"Las \u00e1reas de trabajo: Microempresa, Mediana Empresa, Peque\u00f1a Empresa, Microempresa o particulares - Regi\u00f3n del Maule - Talca y alrededores\",\"breadcrumb\":{\"@id\":\"https:\/\/sgpavimentos.cl\/sitio\/contacto\/#breadcrumb\"},\"inLanguage\":\"es\",\"potentialAction\":[{\"@type\":\"ReadAction\",\"target\":[\"https:\/\/sgpavimentos.cl\/sitio\/contacto\/\"]}]},{\"@type\":\"BreadcrumbList\",\"@id\":\"https:\/\/sgpavimentos.cl\/sitio\/contacto\/#breadcrumb\",\"itemListElement\":[{\"@type\":\"ListItem\",\"position\":1,\"name\":\"Portada\",\"item\":\"https:\/\/sgpavimentos.cl\/sitio\/\"},{\"@type\":\"ListItem\",\"position\":2,\"name\":\"Contacto\"}]},{\"@type\":\"WebSite\",\"@id\":\"https:\/\/sgpavimentos.cl\/sitio\/#website\",\"url\":\"https:\/\/sgpavimentos.cl\/sitio\/\",\"name\":\"PAVIMENTOS INDUSTRIALES S.G.\",\"description\":\"\",\"publisher\":{\"@id\":\"https:\/\/sgpavimentos.cl\/sitio\/#organization\"},\"potentialAction\":[{\"@type\":\"SearchAction\",\"target\":{\"@type\":\"EntryPoint\",\"urlTemplate\":\"https:\/\/sgpavimentos.cl\/sitio\/?s={search_term_string}\"},\"query-input\":{\"@type\":\"PropertyValueSpecification\",\"valueRequired\":true,\"valueName\":\"search_term_string\"}}],\"inLanguage\":\"es\"},{\"@type\":\"Organization\",\"@id\":\"https:\/\/sgpavimentos.cl\/sitio\/#organization\",\"name\":\"PAVIMENTOS INDUSTRIALES S.G.\",\"url\":\"https:\/\/sgpavimentos.cl\/sitio\/\",\"logo\":{\"@type\":\"ImageObject\",\"inLanguage\":\"es\",\"@id\":\"https:\/\/sgpavimentos.cl\/sitio\/#\/schema\/logo\/image\/\",\"url\":\"https:\/\/sgpavimentos.cl\/sitio\/wp-content\/uploads\/2025\/06\/logo-sgpavimentos-color-320x80-1.png\",\"contentUrl\":\"https:\/\/sgpavimentos.cl\/sitio\/wp-content\/uploads\/2025\/06\/logo-sgpavimentos-color-320x80-1.png\",\"width\":320,\"height\":80,\"caption\":\"PAVIMENTOS INDUSTRIALES S.G.\"},\"image\":{\"@id\":\"https:\/\/sgpavimentos.cl\/sitio\/#\/schema\/logo\/image\/\"}}]}<\/script>\n<!-- \/ Yoast SEO plugin. -->","yoast_head_json":{"title":"Contacto - PAVIMENTOS INDUSTRIALES S.G.","description":"Las \u00e1reas de trabajo: Microempresa, Mediana Empresa, Peque\u00f1a Empresa, Microempresa o particulares - Regi\u00f3n del Maule - Talca y alrededores","robots":{"index":"index","follow":"follow","max-snippet":"max-snippet:-1","max-image-preview":"max-image-preview:large","max-video-preview":"max-video-preview:-1"},"canonical":"https:\/\/sgpavimentos.cl\/sitio\/contacto\/","og_locale":"es_ES","og_type":"article","og_title":"Contacto - PAVIMENTOS INDUSTRIALES S.G.","og_description":"Las \u00e1reas de trabajo: Microempresa, Mediana Empresa, Peque\u00f1a Empresa, Microempresa o particulares - Regi\u00f3n del Maule - Talca y alrededores","og_url":"https:\/\/sgpavimentos.cl\/sitio\/contacto\/","og_site_name":"PAVIMENTOS INDUSTRIALES S.G.","article_modified_time":"2025-09-26T18:50:16+00:00","twitter_card":"summary_large_image","twitter_misc":{"Tiempo de lectura":"1 minuto"},"schema":{"@context":"https:\/\/schema.org","@graph":[{"@type":"WebPage","@id":"https:\/\/sgpavimentos.cl\/sitio\/contacto\/","url":"https:\/\/sgpavimentos.cl\/sitio\/contacto\/","name":"Contacto - PAVIMENTOS INDUSTRIALES S.G.","isPartOf":{"@id":"https:\/\/sgpavimentos.cl\/sitio\/#website"},"datePublished":"2025-05-29T22:15:11+00:00","dateModified":"2025-09-26T18:50:16+00:00","description":"Las \u00e1reas de trabajo: Microempresa, Mediana Empresa, Peque\u00f1a Empresa, Microempresa o particulares - Regi\u00f3n del Maule - Talca y alrededores","breadcrumb":{"@id":"https:\/\/sgpavimentos.cl\/sitio\/contacto\/#breadcrumb"},"inLanguage":"es","potentialAction":[{"@type":"ReadAction","target":["https:\/\/sgpavimentos.cl\/sitio\/contacto\/"]}]},{"@type":"BreadcrumbList","@id":"https:\/\/sgpavimentos.cl\/sitio\/contacto\/#breadcrumb","itemListElement":[{"@type":"ListItem","position":1,"name":"Portada","item":"https:\/\/sgpavimentos.cl\/sitio\/"},{"@type":"ListItem","position":2,"name":"Contacto"}]},{"@type":"WebSite","@id":"https:\/\/sgpavimentos.cl\/sitio\/#website","url":"https:\/\/sgpavimentos.cl\/sitio\/","name":"PAVIMENTOS INDUSTRIALES S.G.","description":"","publisher":{"@id":"https:\/\/sgpavimentos.cl\/sitio\/#organization"},"potentialAction":[{"@type":"SearchAction","target":{"@type":"EntryPoint","urlTemplate":"https:\/\/sgpavimentos.cl\/sitio\/?s={search_term_string}"},"query-input":{"@type":"PropertyValueSpecification","valueRequired":true,"valueName":"search_term_string"}}],"inLanguage":"es"},{"@type":"Organization","@id":"https:\/\/sgpavimentos.cl\/sitio\/#organization","name":"PAVIMENTOS INDUSTRIALES S.G.","url":"https:\/\/sgpavimentos.cl\/sitio\/","logo":{"@type":"ImageObject","inLanguage":"es","@id":"https:\/\/sgpavimentos.cl\/sitio\/#\/schema\/logo\/image\/","url":"https:\/\/sgpavimentos.cl\/sitio\/wp-content\/uploads\/2025\/06\/logo-sgpavimentos-color-320x80-1.png","contentUrl":"https:\/\/sgpavimentos.cl\/sitio\/wp-content\/uploads\/2025\/06\/logo-sgpavimentos-color-320x80-1.png","width":320,"height":80,"caption":"PAVIMENTOS INDUSTRIALES S.G."},"image":{"@id":"https:\/\/sgpavimentos.cl\/sitio\/#\/schema\/logo\/image\/"}}]}},"_links":{"self":[{"href":"https:\/\/sgpavimentos.cl\/sitio\/wp-json\/wp\/v2\/pages\/14","targetHints":{"allow":["GET"]}}],"collection":[{"href":"https:\/\/sgpavimentos.cl\/sitio\/wp-json\/wp\/v2\/pages"}],"about":[{"href":"https:\/\/sgpavimentos.cl\/sitio\/wp-json\/wp\/v2\/types\/page"}],"author":[{"embeddable":true,"href":"https:\/\/sgpavimentos.cl\/sitio\/wp-json\/wp\/v2\/users\/1"}],"replies":[{"embeddable":true,"href":"https:\/\/sgpavimentos.cl\/sitio\/wp-json\/wp\/v2\/comments?post=14"}],"version-history":[{"count":12,"href":"https:\/\/sgpavimentos.cl\/sitio\/wp-json\/wp\/v2\/pages\/14\/revisions"}],"predecessor-version":[{"id":234,"href":"https:\/\/sgpavimentos.cl\/sitio\/wp-json\/wp\/v2\/pages\/14\/revisions\/234"}],"wp:attachment":[{"href":"https:\/\/sgpavimentos.cl\/sitio\/wp-json\/wp\/v2\/media?parent=14"}],"curies":[{"name":"wp","href":"https:\/\/api.w.org\/{rel}","templated":true}]}}