{"id":146,"date":"2025-06-11T14:54:44","date_gmt":"2025-06-11T14:54:44","guid":{"rendered":"https:\/\/sgpavimentos.cl\/sitio\/?page_id=146"},"modified":"2025-06-24T18:26:33","modified_gmt":"2025-06-24T18:26:33","slug":"radier-pulido","status":"publish","type":"page","link":"https:\/\/sgpavimentos.cl\/sitio\/radier-pulido\/","title":{"rendered":"Radier Pulido"},"content":{"rendered":"<style>.kb-row-layout-id146_36c967-c8 > .kt-row-column-wrap{align-content:start;}:where(.kb-row-layout-id146_36c967-c8 > .kt-row-column-wrap) > .wp-block-kadence-column{justify-content:start;}.kb-row-layout-id146_36c967-c8 > .kt-row-column-wrap{column-gap:var(--global-kb-gap-md, 2rem);row-gap:var(--global-kb-gap-md, 2rem);padding-top:var(--global-kb-spacing-sm, 1.5rem);padding-bottom:var(--global-kb-spacing-sm, 1.5rem);grid-template-columns:minmax(0, calc(55% - ((var(--global-kb-gap-md, 2rem) * 1 )\/2)))minmax(0, calc(45% - ((var(--global-kb-gap-md, 2rem) * 1 )\/2)));}.kb-row-layout-id146_36c967-c8 > .kt-row-layout-overlay{opacity:0.30;}@media all and (max-width: 1024px){.kb-row-layout-id146_36c967-c8 > .kt-row-column-wrap{grid-template-columns:repeat(2, minmax(0, 1fr));}}@media all and (max-width: 767px){.kb-row-layout-id146_36c967-c8 > .kt-row-column-wrap{grid-template-columns:minmax(0, 1fr);}}<\/style><div class=\"kb-row-layout-wrap kb-row-layout-id146_36c967-c8 alignnone wp-block-kadence-rowlayout\"><div class=\"kt-row-column-wrap kt-has-2-columns kt-row-layout-equal kt-tab-layout-inherit kt-mobile-layout-row kt-row-valign-top\">\n<style>.kadence-column146_dfcba4-81 > .kt-inside-inner-col,.kadence-column146_dfcba4-81 > .kt-inside-inner-col:before{border-top-left-radius:0px;border-top-right-radius:0px;border-bottom-right-radius:0px;border-bottom-left-radius:0px;}.kadence-column146_dfcba4-81 > .kt-inside-inner-col{column-gap:var(--global-kb-gap-sm, 1rem);}.kadence-column146_dfcba4-81 > .kt-inside-inner-col{flex-direction:column;}.kadence-column146_dfcba4-81 > .kt-inside-inner-col > .aligncenter{width:100%;}.kadence-column146_dfcba4-81 > .kt-inside-inner-col:before{opacity:0.3;}.kadence-column146_dfcba4-81{position:relative;}@media all and (max-width: 1024px){.kadence-column146_dfcba4-81 > .kt-inside-inner-col{flex-direction:column;}}@media all and (max-width: 767px){.kadence-column146_dfcba4-81 > .kt-inside-inner-col{flex-direction:column;}}<\/style>\n<div class=\"wp-block-kadence-column kadence-column146_dfcba4-81\"><div class=\"kt-inside-inner-col\">\n<p>Un radier pulido es una losa de hormig\u00f3n armado que, despu\u00e9s de ser colocada, se pulimenta para obtener un acabado liso y brillante, como un espejo.&nbsp;Este proceso puede hacerse con una m\u00e1quina pulidora o helic\u00f3ptero, eliminando la lechada superficial y partes blandas del hormig\u00f3n para dejar expuesto el \u00e1rido y las partes m\u00e1s resistentes.&nbsp;El resultado es una superficie densa, impermeable a l\u00edquidos, y con alta resistencia al desgaste.&nbsp;&nbsp;<\/p>\n\n\n\n<h2 class=\"wp-block-heading\">Ventajas del Radier Pulido:<\/h2>\n\n\n<style>.wp-block-kadence-iconlist.kt-svg-icon-list-items146_f7f40f-54:not(.this-stops-third-party-issues){margin-top:0px;margin-bottom:0px;}.wp-block-kadence-iconlist.kt-svg-icon-list-items146_f7f40f-54 ul.kt-svg-icon-list:not(.this-prevents-issues):not(.this-stops-third-party-issues):not(.tijsloc){margin-top:0px;margin-right:0px;margin-bottom:var(--global-kb-spacing-sm, 1.5rem);margin-left:0px;}.wp-block-kadence-iconlist.kt-svg-icon-list-items146_f7f40f-54 ul.kt-svg-icon-list{grid-row-gap:5px;}.wp-block-kadence-iconlist.kt-svg-icon-list-items146_f7f40f-54 ul.kt-svg-icon-list .kt-svg-icon-list-item-wrap .kt-svg-icon-list-single{margin-right:10px;}.kt-svg-icon-list-items146_f7f40f-54 ul.kt-svg-icon-list .kt-svg-icon-list-level-0 .kt-svg-icon-list-single svg{font-size:20px;}<\/style>\n<div class=\"wp-block-kadence-iconlist kt-svg-icon-list-items kt-svg-icon-list-items146_f7f40f-54 kt-svg-icon-list-columns-1 alignnone kt-list-icon-aligntop\"><ul class=\"kt-svg-icon-list\"><style>.kt-svg-icon-list-item-146_cfde7f-c7 .kt-svg-icon-list-single{font-size:22px !important;color:var(--global-palette2, #2B6CB0) !important;}.kt-svg-icon-list-item-146_cfde7f-c7 .kt-svg-icon-list-text mark.kt-highlight{background-color:unset;font-style:normal;color:#f76a0c;-webkit-box-decoration-break:clone;box-decoration-break:clone;padding-top:0px;padding-right:0px;padding-bottom:0px;padding-left:0px;}<\/style>\n<li class=\"wp-block-kadence-listitem kt-svg-icon-list-item-wrap kt-svg-icon-list-item-146_cfde7f-c7\"><span class=\"kb-svg-icon-wrap kb-svg-icon-fe_checkCircle kt-svg-icon-list-single\"><svg viewBox=\"0 0 24 24\"  fill=\"none\" stroke=\"currentColor\" stroke-width=\"2\" stroke-linecap=\"round\" stroke-linejoin=\"round\" xmlns=\"http:\/\/www.w3.org\/2000\/svg\"  aria-hidden=\"true\"><path d=\"M22 11.08V12a10 10 0 1 1-5.93-9.14\"\/><polyline points=\"22 4 12 14.01 9 11.01\"\/><\/svg><\/span><span class=\"kt-svg-icon-list-text\"><strong>Aparici\u00f3n est\u00e9tica: <\/strong>Ofrecen un acabado liso y brillante, que puede ser muy atractivo.<\/span><\/li>\n\n\n<style>.kt-svg-icon-list-item-146_014e01-f0 .kt-svg-icon-list-single{font-size:22px !important;color:var(--global-palette2, #2B6CB0) !important;}.kt-svg-icon-list-item-146_014e01-f0 .kt-svg-icon-list-text mark.kt-highlight{background-color:unset;font-style:normal;color:#f76a0c;-webkit-box-decoration-break:clone;box-decoration-break:clone;padding-top:0px;padding-right:0px;padding-bottom:0px;padding-left:0px;}<\/style>\n<li class=\"wp-block-kadence-listitem kt-svg-icon-list-item-wrap kt-svg-icon-list-item-146_014e01-f0\"><span class=\"kb-svg-icon-wrap kb-svg-icon-fe_checkCircle kt-svg-icon-list-single\"><svg viewBox=\"0 0 24 24\"  fill=\"none\" stroke=\"currentColor\" stroke-width=\"2\" stroke-linecap=\"round\" stroke-linejoin=\"round\" xmlns=\"http:\/\/www.w3.org\/2000\/svg\"  aria-hidden=\"true\"><path d=\"M22 11.08V12a10 10 0 1 1-5.93-9.14\"\/><polyline points=\"22 4 12 14.01 9 11.01\"\/><\/svg><\/span><span class=\"kt-svg-icon-list-text\"><strong>F\u00e1cil limpieza: <\/strong>La superficie lisa facilita la limpieza y el mantenimiento.<\/span><\/li>\n\n\n<style>.kt-svg-icon-list-item-146_a6856a-69 .kt-svg-icon-list-single{font-size:22px !important;color:var(--global-palette2, #2B6CB0) !important;}.kt-svg-icon-list-item-146_a6856a-69 .kt-svg-icon-list-text mark.kt-highlight{background-color:unset;font-style:normal;color:#f76a0c;-webkit-box-decoration-break:clone;box-decoration-break:clone;padding-top:0px;padding-right:0px;padding-bottom:0px;padding-left:0px;}<\/style>\n<li class=\"wp-block-kadence-listitem kt-svg-icon-list-item-wrap kt-svg-icon-list-item-146_a6856a-69\"><span class=\"kb-svg-icon-wrap kb-svg-icon-fe_checkCircle kt-svg-icon-list-single\"><svg viewBox=\"0 0 24 24\"  fill=\"none\" stroke=\"currentColor\" stroke-width=\"2\" stroke-linecap=\"round\" stroke-linejoin=\"round\" xmlns=\"http:\/\/www.w3.org\/2000\/svg\"  aria-hidden=\"true\"><path d=\"M22 11.08V12a10 10 0 1 1-5.93-9.14\"\/><polyline points=\"22 4 12 14.01 9 11.01\"\/><\/svg><\/span><span class=\"kt-svg-icon-list-text\"><strong>Resistencia:<\/strong>&nbsp;La superficie densa y libre de poros es m\u00e1s resistente al desgaste, a l\u00edquidos y a la humedad.&nbsp;<\/span><\/li>\n\n\n<style>.kt-svg-icon-list-item-146_ba641b-84 .kt-svg-icon-list-single{font-size:22px !important;color:var(--global-palette2, #2B6CB0) !important;}.kt-svg-icon-list-item-146_ba641b-84 .kt-svg-icon-list-text mark.kt-highlight{background-color:unset;font-style:normal;color:#f76a0c;-webkit-box-decoration-break:clone;box-decoration-break:clone;padding-top:0px;padding-right:0px;padding-bottom:0px;padding-left:0px;}<\/style>\n<li class=\"wp-block-kadence-listitem kt-svg-icon-list-item-wrap kt-svg-icon-list-item-146_ba641b-84\"><span class=\"kb-svg-icon-wrap kb-svg-icon-fe_checkCircle kt-svg-icon-list-single\"><svg viewBox=\"0 0 24 24\"  fill=\"none\" stroke=\"currentColor\" stroke-width=\"2\" stroke-linecap=\"round\" stroke-linejoin=\"round\" xmlns=\"http:\/\/www.w3.org\/2000\/svg\"  aria-hidden=\"true\"><path d=\"M22 11.08V12a10 10 0 1 1-5.93-9.14\"\/><polyline points=\"22 4 12 14.01 9 11.01\"\/><\/svg><\/span><span class=\"kt-svg-icon-list-text\"><strong>Ideal para ciertas aplicaciones:<\/strong>&nbsp;Son comunes en galpones industriales, bodegas, estacionamientos y \u00e1reas con tr\u00e1fico pesado, donde se requiere un piso liso y f\u00e1cil de limpiar.&nbsp;<\/span><\/li>\n\n\n<style>.kt-svg-icon-list-item-146_5c8241-23 .kt-svg-icon-list-single{font-size:22px !important;color:var(--global-palette2, #2B6CB0) !important;}.kt-svg-icon-list-item-146_5c8241-23 .kt-svg-icon-list-text mark.kt-highlight{background-color:unset;font-style:normal;color:#f76a0c;-webkit-box-decoration-break:clone;box-decoration-break:clone;padding-top:0px;padding-right:0px;padding-bottom:0px;padding-left:0px;}<\/style>\n<li class=\"wp-block-kadence-listitem kt-svg-icon-list-item-wrap kt-svg-icon-list-item-146_5c8241-23\"><span class=\"kb-svg-icon-wrap kb-svg-icon-fe_checkCircle kt-svg-icon-list-single\"><svg viewBox=\"0 0 24 24\"  fill=\"none\" stroke=\"currentColor\" stroke-width=\"2\" stroke-linecap=\"round\" stroke-linejoin=\"round\" xmlns=\"http:\/\/www.w3.org\/2000\/svg\"  aria-hidden=\"true\"><path d=\"M22 11.08V12a10 10 0 1 1-5.93-9.14\"\/><polyline points=\"22 4 12 14.01 9 11.01\"\/><\/svg><\/span><span class=\"kt-svg-icon-list-text\"><strong>Durabilidad:<\/strong>&nbsp;La superficie pulida y sellada es m\u00e1s duradera y menos propensa a grietas o roturas.&nbsp;<\/span><\/li>\n<\/ul><\/div>\n<\/div><\/div>\n\n\n<style>.kadence-column146_1fcf6d-10 > .kt-inside-inner-col,.kadence-column146_1fcf6d-10 > .kt-inside-inner-col:before{border-top-left-radius:0px;border-top-right-radius:0px;border-bottom-right-radius:0px;border-bottom-left-radius:0px;}.kadence-column146_1fcf6d-10 > .kt-inside-inner-col{column-gap:var(--global-kb-gap-sm, 1rem);}.kadence-column146_1fcf6d-10 > .kt-inside-inner-col{flex-direction:column;}.kadence-column146_1fcf6d-10 > .kt-inside-inner-col > .aligncenter{width:100%;}.kadence-column146_1fcf6d-10 > .kt-inside-inner-col:before{opacity:0.3;}.kadence-column146_1fcf6d-10{position:relative;}@media all and (max-width: 1024px){.kadence-column146_1fcf6d-10 > .kt-inside-inner-col{flex-direction:column;}}@media all and (max-width: 767px){.kadence-column146_1fcf6d-10 > .kt-inside-inner-col{flex-direction:column;}}<\/style>\n<div class=\"wp-block-kadence-column kadence-column146_1fcf6d-10\"><div class=\"kt-inside-inner-col\">\n<figure class=\"wp-block-image size-full\"><img loading=\"lazy\" decoding=\"async\" width=\"400\" height=\"711\" src=\"https:\/\/sgpavimentos.cl\/sitio\/wp-content\/uploads\/2025\/06\/radier-pulido.png\" alt=\"\" class=\"wp-image-149\" srcset=\"https:\/\/sgpavimentos.cl\/sitio\/wp-content\/uploads\/2025\/06\/radier-pulido.png 400w, https:\/\/sgpavimentos.cl\/sitio\/wp-content\/uploads\/2025\/06\/radier-pulido-169x300.png 169w\" sizes=\"auto, (max-width: 400px) 100vw, 400px\" \/><\/figure>\n<\/div><\/div>\n\n<\/div><\/div>","protected":false},"excerpt":{"rendered":"<p>Un radier pulido es una losa de hormig\u00f3n armado que, despu\u00e9s de ser colocada, se pulimenta para obtener un acabado liso y brillante, como un espejo.&nbsp;Este proceso puede hacerse con una m\u00e1quina pulidora o helic\u00f3ptero, eliminando la lechada superficial y partes blandas del hormig\u00f3n para dejar expuesto el \u00e1rido y las partes m\u00e1s resistentes.&nbsp;El resultado&#8230;<\/p>\n","protected":false},"author":1,"featured_media":0,"parent":0,"menu_order":0,"comment_status":"closed","ping_status":"closed","template":"","meta":{"pagelayer_contact_templates":[],"_pagelayer_content":"","_kad_post_transparent":"","_kad_post_title":"","_kad_post_layout":"","_kad_post_sidebar_id":"","_kad_post_content_style":"","_kad_post_vertical_padding":"","_kad_post_feature":"","_kad_post_feature_position":"","_kad_post_header":false,"_kad_post_footer":false,"footnotes":""},"class_list":["post-146","page","type-page","status-publish","hentry"],"yoast_head":"<!-- This site is optimized with the Yoast SEO plugin v25.3.1 - https:\/\/yoast.com\/wordpress\/plugins\/seo\/ -->\n<title>Radier Pulido - PAVIMENTOS INDUSTRIALES S.G. - pisos industriales y radier pulido ..<\/title>\n<meta name=\"description\" content=\"Construcci\u00f3n de radieres pulidos de hormig\u00f3n, terminado y pulidos - llenado, vibrado, alisado, pulido. Regi\u00f3n del Maule - Talca y alrededores\" \/>\n<meta name=\"robots\" content=\"index, follow, max-snippet:-1, max-image-preview:large, max-video-preview:-1\" \/>\n<link rel=\"canonical\" href=\"https:\/\/sgpavimentos.cl\/sitio\/radier-pulido\/\" \/>\n<meta property=\"og:locale\" content=\"es_ES\" \/>\n<meta property=\"og:type\" content=\"article\" \/>\n<meta property=\"og:title\" content=\"Radier Pulido - PAVIMENTOS INDUSTRIALES S.G. - pisos industriales y radier pulido ..\" \/>\n<meta property=\"og:description\" content=\"Construcci\u00f3n de radieres pulidos de hormig\u00f3n, terminado y pulidos - llenado, vibrado, alisado, pulido. Regi\u00f3n del Maule - Talca y alrededores\" \/>\n<meta property=\"og:url\" content=\"https:\/\/sgpavimentos.cl\/sitio\/radier-pulido\/\" \/>\n<meta property=\"og:site_name\" content=\"PAVIMENTOS INDUSTRIALES S.G.\" \/>\n<meta property=\"article:modified_time\" content=\"2025-06-24T18:26:33+00:00\" \/>\n<meta property=\"og:image\" content=\"https:\/\/sgpavimentos.cl\/sitio\/wp-content\/uploads\/2025\/06\/radier-pulido.png\" \/>\n<meta name=\"twitter:card\" content=\"summary_large_image\" \/>\n<meta name=\"twitter:label1\" content=\"Tiempo de lectura\" \/>\n\t<meta name=\"twitter:data1\" content=\"1 minuto\" \/>\n<script type=\"application\/ld+json\" class=\"yoast-schema-graph\">{\"@context\":\"https:\/\/schema.org\",\"@graph\":[{\"@type\":\"WebPage\",\"@id\":\"https:\/\/sgpavimentos.cl\/sitio\/radier-pulido\/\",\"url\":\"https:\/\/sgpavimentos.cl\/sitio\/radier-pulido\/\",\"name\":\"Radier Pulido - PAVIMENTOS INDUSTRIALES S.G. - pisos industriales y radier pulido ..\",\"isPartOf\":{\"@id\":\"https:\/\/sgpavimentos.cl\/sitio\/#website\"},\"primaryImageOfPage\":{\"@id\":\"https:\/\/sgpavimentos.cl\/sitio\/radier-pulido\/#primaryimage\"},\"image\":{\"@id\":\"https:\/\/sgpavimentos.cl\/sitio\/radier-pulido\/#primaryimage\"},\"thumbnailUrl\":\"https:\/\/sgpavimentos.cl\/sitio\/wp-content\/uploads\/2025\/06\/radier-pulido.png\",\"datePublished\":\"2025-06-11T14:54:44+00:00\",\"dateModified\":\"2025-06-24T18:26:33+00:00\",\"description\":\"Construcci\u00f3n de radieres pulidos de hormig\u00f3n, terminado y pulidos - llenado, vibrado, alisado, pulido. Regi\u00f3n del Maule - Talca y alrededores\",\"breadcrumb\":{\"@id\":\"https:\/\/sgpavimentos.cl\/sitio\/radier-pulido\/#breadcrumb\"},\"inLanguage\":\"es\",\"potentialAction\":[{\"@type\":\"ReadAction\",\"target\":[\"https:\/\/sgpavimentos.cl\/sitio\/radier-pulido\/\"]}]},{\"@type\":\"ImageObject\",\"inLanguage\":\"es\",\"@id\":\"https:\/\/sgpavimentos.cl\/sitio\/radier-pulido\/#primaryimage\",\"url\":\"https:\/\/sgpavimentos.cl\/sitio\/wp-content\/uploads\/2025\/06\/radier-pulido.png\",\"contentUrl\":\"https:\/\/sgpavimentos.cl\/sitio\/wp-content\/uploads\/2025\/06\/radier-pulido.png\",\"width\":400,\"height\":711},{\"@type\":\"BreadcrumbList\",\"@id\":\"https:\/\/sgpavimentos.cl\/sitio\/radier-pulido\/#breadcrumb\",\"itemListElement\":[{\"@type\":\"ListItem\",\"position\":1,\"name\":\"Portada\",\"item\":\"https:\/\/sgpavimentos.cl\/sitio\/\"},{\"@type\":\"ListItem\",\"position\":2,\"name\":\"Radier Pulido\"}]},{\"@type\":\"WebSite\",\"@id\":\"https:\/\/sgpavimentos.cl\/sitio\/#website\",\"url\":\"https:\/\/sgpavimentos.cl\/sitio\/\",\"name\":\"PAVIMENTOS INDUSTRIALES S.G.\",\"description\":\"\",\"publisher\":{\"@id\":\"https:\/\/sgpavimentos.cl\/sitio\/#organization\"},\"potentialAction\":[{\"@type\":\"SearchAction\",\"target\":{\"@type\":\"EntryPoint\",\"urlTemplate\":\"https:\/\/sgpavimentos.cl\/sitio\/?s={search_term_string}\"},\"query-input\":{\"@type\":\"PropertyValueSpecification\",\"valueRequired\":true,\"valueName\":\"search_term_string\"}}],\"inLanguage\":\"es\"},{\"@type\":\"Organization\",\"@id\":\"https:\/\/sgpavimentos.cl\/sitio\/#organization\",\"name\":\"PAVIMENTOS INDUSTRIALES S.G.\",\"url\":\"https:\/\/sgpavimentos.cl\/sitio\/\",\"logo\":{\"@type\":\"ImageObject\",\"inLanguage\":\"es\",\"@id\":\"https:\/\/sgpavimentos.cl\/sitio\/#\/schema\/logo\/image\/\",\"url\":\"https:\/\/sgpavimentos.cl\/sitio\/wp-content\/uploads\/2025\/06\/logo-sgpavimentos-color-320x80-1.png\",\"contentUrl\":\"https:\/\/sgpavimentos.cl\/sitio\/wp-content\/uploads\/2025\/06\/logo-sgpavimentos-color-320x80-1.png\",\"width\":320,\"height\":80,\"caption\":\"PAVIMENTOS INDUSTRIALES S.G.\"},\"image\":{\"@id\":\"https:\/\/sgpavimentos.cl\/sitio\/#\/schema\/logo\/image\/\"}}]}<\/script>\n<!-- \/ Yoast SEO plugin. -->","yoast_head_json":{"title":"Radier Pulido - PAVIMENTOS INDUSTRIALES S.G. - pisos industriales y radier pulido ..","description":"Construcci\u00f3n de radieres pulidos de hormig\u00f3n, terminado y pulidos - llenado, vibrado, alisado, pulido. Regi\u00f3n del Maule - Talca y alrededores","robots":{"index":"index","follow":"follow","max-snippet":"max-snippet:-1","max-image-preview":"max-image-preview:large","max-video-preview":"max-video-preview:-1"},"canonical":"https:\/\/sgpavimentos.cl\/sitio\/radier-pulido\/","og_locale":"es_ES","og_type":"article","og_title":"Radier Pulido - PAVIMENTOS INDUSTRIALES S.G. - pisos industriales y radier pulido ..","og_description":"Construcci\u00f3n de radieres pulidos de hormig\u00f3n, terminado y pulidos - llenado, vibrado, alisado, pulido. Regi\u00f3n del Maule - Talca y alrededores","og_url":"https:\/\/sgpavimentos.cl\/sitio\/radier-pulido\/","og_site_name":"PAVIMENTOS INDUSTRIALES S.G.","article_modified_time":"2025-06-24T18:26:33+00:00","og_image":[{"url":"https:\/\/sgpavimentos.cl\/sitio\/wp-content\/uploads\/2025\/06\/radier-pulido.png","type":"","width":"","height":""}],"twitter_card":"summary_large_image","twitter_misc":{"Tiempo de lectura":"1 minuto"},"schema":{"@context":"https:\/\/schema.org","@graph":[{"@type":"WebPage","@id":"https:\/\/sgpavimentos.cl\/sitio\/radier-pulido\/","url":"https:\/\/sgpavimentos.cl\/sitio\/radier-pulido\/","name":"Radier Pulido - PAVIMENTOS INDUSTRIALES S.G. - pisos industriales y radier pulido ..","isPartOf":{"@id":"https:\/\/sgpavimentos.cl\/sitio\/#website"},"primaryImageOfPage":{"@id":"https:\/\/sgpavimentos.cl\/sitio\/radier-pulido\/#primaryimage"},"image":{"@id":"https:\/\/sgpavimentos.cl\/sitio\/radier-pulido\/#primaryimage"},"thumbnailUrl":"https:\/\/sgpavimentos.cl\/sitio\/wp-content\/uploads\/2025\/06\/radier-pulido.png","datePublished":"2025-06-11T14:54:44+00:00","dateModified":"2025-06-24T18:26:33+00:00","description":"Construcci\u00f3n de radieres pulidos de hormig\u00f3n, terminado y pulidos - llenado, vibrado, alisado, pulido. Regi\u00f3n del Maule - Talca y alrededores","breadcrumb":{"@id":"https:\/\/sgpavimentos.cl\/sitio\/radier-pulido\/#breadcrumb"},"inLanguage":"es","potentialAction":[{"@type":"ReadAction","target":["https:\/\/sgpavimentos.cl\/sitio\/radier-pulido\/"]}]},{"@type":"ImageObject","inLanguage":"es","@id":"https:\/\/sgpavimentos.cl\/sitio\/radier-pulido\/#primaryimage","url":"https:\/\/sgpavimentos.cl\/sitio\/wp-content\/uploads\/2025\/06\/radier-pulido.png","contentUrl":"https:\/\/sgpavimentos.cl\/sitio\/wp-content\/uploads\/2025\/06\/radier-pulido.png","width":400,"height":711},{"@type":"BreadcrumbList","@id":"https:\/\/sgpavimentos.cl\/sitio\/radier-pulido\/#breadcrumb","itemListElement":[{"@type":"ListItem","position":1,"name":"Portada","item":"https:\/\/sgpavimentos.cl\/sitio\/"},{"@type":"ListItem","position":2,"name":"Radier Pulido"}]},{"@type":"WebSite","@id":"https:\/\/sgpavimentos.cl\/sitio\/#website","url":"https:\/\/sgpavimentos.cl\/sitio\/","name":"PAVIMENTOS INDUSTRIALES S.G.","description":"","publisher":{"@id":"https:\/\/sgpavimentos.cl\/sitio\/#organization"},"potentialAction":[{"@type":"SearchAction","target":{"@type":"EntryPoint","urlTemplate":"https:\/\/sgpavimentos.cl\/sitio\/?s={search_term_string}"},"query-input":{"@type":"PropertyValueSpecification","valueRequired":true,"valueName":"search_term_string"}}],"inLanguage":"es"},{"@type":"Organization","@id":"https:\/\/sgpavimentos.cl\/sitio\/#organization","name":"PAVIMENTOS INDUSTRIALES S.G.","url":"https:\/\/sgpavimentos.cl\/sitio\/","logo":{"@type":"ImageObject","inLanguage":"es","@id":"https:\/\/sgpavimentos.cl\/sitio\/#\/schema\/logo\/image\/","url":"https:\/\/sgpavimentos.cl\/sitio\/wp-content\/uploads\/2025\/06\/logo-sgpavimentos-color-320x80-1.png","contentUrl":"https:\/\/sgpavimentos.cl\/sitio\/wp-content\/uploads\/2025\/06\/logo-sgpavimentos-color-320x80-1.png","width":320,"height":80,"caption":"PAVIMENTOS INDUSTRIALES S.G."},"image":{"@id":"https:\/\/sgpavimentos.cl\/sitio\/#\/schema\/logo\/image\/"}}]}},"_links":{"self":[{"href":"https:\/\/sgpavimentos.cl\/sitio\/wp-json\/wp\/v2\/pages\/146","targetHints":{"allow":["GET"]}}],"collection":[{"href":"https:\/\/sgpavimentos.cl\/sitio\/wp-json\/wp\/v2\/pages"}],"about":[{"href":"https:\/\/sgpavimentos.cl\/sitio\/wp-json\/wp\/v2\/types\/page"}],"author":[{"embeddable":true,"href":"https:\/\/sgpavimentos.cl\/sitio\/wp-json\/wp\/v2\/users\/1"}],"replies":[{"embeddable":true,"href":"https:\/\/sgpavimentos.cl\/sitio\/wp-json\/wp\/v2\/comments?post=146"}],"version-history":[{"count":3,"href":"https:\/\/sgpavimentos.cl\/sitio\/wp-json\/wp\/v2\/pages\/146\/revisions"}],"predecessor-version":[{"id":174,"href":"https:\/\/sgpavimentos.cl\/sitio\/wp-json\/wp\/v2\/pages\/146\/revisions\/174"}],"wp:attachment":[{"href":"https:\/\/sgpavimentos.cl\/sitio\/wp-json\/wp\/v2\/media?parent=146"}],"curies":[{"name":"wp","href":"https:\/\/api.w.org\/{rel}","templated":true}]}}