{"id":167,"date":"2025-06-16T21:29:06","date_gmt":"2025-06-16T21:29:06","guid":{"rendered":"https:\/\/sgpavimentos.cl\/sitio\/?page_id=167"},"modified":"2025-06-24T18:12:29","modified_gmt":"2025-06-24T18:12:29","slug":"endurecedor-de-superficies","status":"publish","type":"page","link":"https:\/\/sgpavimentos.cl\/sitio\/endurecedor-de-superficies\/","title":{"rendered":"Aplicaci\u00f3n de Endurecedor de Superficies"},"content":{"rendered":"\n<p>La aplicaci\u00f3n de un <strong>endurecedor de superficies<\/strong> (o endurecedor de concreto) implica\u00a0espolvorear el material sobre la superficie fresca del concreto y luego incorporarlo con una llana, esp\u00e1tula o m\u00e1quina para allanar.\u00a0Se puede aplicar tanto en concreto reci\u00e9n vertido como en superficies existentes previamente preparadas.\u00a0<\/p>\n\n\n\n<p><\/p>\n","protected":false},"excerpt":{"rendered":"<p>La aplicaci\u00f3n de un endurecedor de superficies (o endurecedor de concreto) implica\u00a0espolvorear el material sobre la superficie fresca del concreto y luego incorporarlo con una llana, esp\u00e1tula o m\u00e1quina para allanar.\u00a0Se puede aplicar tanto en concreto reci\u00e9n vertido como en superficies existentes previamente preparadas.\u00a0<\/p>\n","protected":false},"author":1,"featured_media":0,"parent":0,"menu_order":0,"comment_status":"closed","ping_status":"closed","template":"","meta":{"pagelayer_contact_templates":[],"_pagelayer_content":"","_kad_post_transparent":"","_kad_post_title":"","_kad_post_layout":"","_kad_post_sidebar_id":"","_kad_post_content_style":"","_kad_post_vertical_padding":"","_kad_post_feature":"","_kad_post_feature_position":"","_kad_post_header":false,"_kad_post_footer":false,"footnotes":""},"class_list":["post-167","page","type-page","status-publish","hentry"],"yoast_head":"<!-- This site is optimized with the Yoast SEO plugin v25.3.1 - https:\/\/yoast.com\/wordpress\/plugins\/seo\/ -->\n<title>Aplicaci\u00f3n de Endurecedor de Superficies - PAVIMENTOS INDUSTRIALES S.G.<\/title>\n<meta name=\"description\" content=\"Servicio de aplicaci\u00f3n de endurecedor de superficies, personal calificado con a\u00f1os de experiencia. Regi\u00f3n del Maule - Talca y alrededores\" \/>\n<meta name=\"robots\" content=\"index, follow, max-snippet:-1, max-image-preview:large, max-video-preview:-1\" \/>\n<link rel=\"canonical\" href=\"https:\/\/sgpavimentos.cl\/sitio\/endurecedor-de-superficies\/\" \/>\n<meta property=\"og:locale\" content=\"es_ES\" \/>\n<meta property=\"og:type\" content=\"article\" \/>\n<meta property=\"og:title\" content=\"Aplicaci\u00f3n de Endurecedor de Superficies - PAVIMENTOS INDUSTRIALES S.G.\" \/>\n<meta property=\"og:description\" content=\"Servicio de aplicaci\u00f3n de endurecedor de superficies, personal calificado con a\u00f1os de experiencia. Regi\u00f3n del Maule - Talca y alrededores\" \/>\n<meta property=\"og:url\" content=\"https:\/\/sgpavimentos.cl\/sitio\/endurecedor-de-superficies\/\" \/>\n<meta property=\"og:site_name\" content=\"PAVIMENTOS INDUSTRIALES S.G.\" \/>\n<meta property=\"article:modified_time\" content=\"2025-06-24T18:12:29+00:00\" \/>\n<meta name=\"twitter:card\" content=\"summary_large_image\" \/>\n<meta name=\"twitter:label1\" content=\"Tiempo de lectura\" \/>\n\t<meta name=\"twitter:data1\" content=\"1 minuto\" \/>\n<script type=\"application\/ld+json\" class=\"yoast-schema-graph\">{\"@context\":\"https:\/\/schema.org\",\"@graph\":[{\"@type\":\"WebPage\",\"@id\":\"https:\/\/sgpavimentos.cl\/sitio\/endurecedor-de-superficies\/\",\"url\":\"https:\/\/sgpavimentos.cl\/sitio\/endurecedor-de-superficies\/\",\"name\":\"Aplicaci\u00f3n de Endurecedor de Superficies - PAVIMENTOS INDUSTRIALES S.G.\",\"isPartOf\":{\"@id\":\"https:\/\/sgpavimentos.cl\/sitio\/#website\"},\"datePublished\":\"2025-06-16T21:29:06+00:00\",\"dateModified\":\"2025-06-24T18:12:29+00:00\",\"description\":\"Servicio de aplicaci\u00f3n de endurecedor de superficies, personal calificado con a\u00f1os de experiencia. Regi\u00f3n del Maule - Talca y alrededores\",\"breadcrumb\":{\"@id\":\"https:\/\/sgpavimentos.cl\/sitio\/endurecedor-de-superficies\/#breadcrumb\"},\"inLanguage\":\"es\",\"potentialAction\":[{\"@type\":\"ReadAction\",\"target\":[\"https:\/\/sgpavimentos.cl\/sitio\/endurecedor-de-superficies\/\"]}]},{\"@type\":\"BreadcrumbList\",\"@id\":\"https:\/\/sgpavimentos.cl\/sitio\/endurecedor-de-superficies\/#breadcrumb\",\"itemListElement\":[{\"@type\":\"ListItem\",\"position\":1,\"name\":\"Portada\",\"item\":\"https:\/\/sgpavimentos.cl\/sitio\/\"},{\"@type\":\"ListItem\",\"position\":2,\"name\":\"Aplicaci\u00f3n de Endurecedor de Superficies\"}]},{\"@type\":\"WebSite\",\"@id\":\"https:\/\/sgpavimentos.cl\/sitio\/#website\",\"url\":\"https:\/\/sgpavimentos.cl\/sitio\/\",\"name\":\"PAVIMENTOS INDUSTRIALES S.G.\",\"description\":\"\",\"publisher\":{\"@id\":\"https:\/\/sgpavimentos.cl\/sitio\/#organization\"},\"potentialAction\":[{\"@type\":\"SearchAction\",\"target\":{\"@type\":\"EntryPoint\",\"urlTemplate\":\"https:\/\/sgpavimentos.cl\/sitio\/?s={search_term_string}\"},\"query-input\":{\"@type\":\"PropertyValueSpecification\",\"valueRequired\":true,\"valueName\":\"search_term_string\"}}],\"inLanguage\":\"es\"},{\"@type\":\"Organization\",\"@id\":\"https:\/\/sgpavimentos.cl\/sitio\/#organization\",\"name\":\"PAVIMENTOS INDUSTRIALES S.G.\",\"url\":\"https:\/\/sgpavimentos.cl\/sitio\/\",\"logo\":{\"@type\":\"ImageObject\",\"inLanguage\":\"es\",\"@id\":\"https:\/\/sgpavimentos.cl\/sitio\/#\/schema\/logo\/image\/\",\"url\":\"https:\/\/sgpavimentos.cl\/sitio\/wp-content\/uploads\/2025\/06\/logo-sgpavimentos-color-320x80-1.png\",\"contentUrl\":\"https:\/\/sgpavimentos.cl\/sitio\/wp-content\/uploads\/2025\/06\/logo-sgpavimentos-color-320x80-1.png\",\"width\":320,\"height\":80,\"caption\":\"PAVIMENTOS INDUSTRIALES S.G.\"},\"image\":{\"@id\":\"https:\/\/sgpavimentos.cl\/sitio\/#\/schema\/logo\/image\/\"}}]}<\/script>\n<!-- \/ Yoast SEO plugin. -->","yoast_head_json":{"title":"Aplicaci\u00f3n de Endurecedor de Superficies - PAVIMENTOS INDUSTRIALES S.G.","description":"Servicio de aplicaci\u00f3n de endurecedor de superficies, personal calificado con a\u00f1os de experiencia. Regi\u00f3n del Maule - Talca y alrededores","robots":{"index":"index","follow":"follow","max-snippet":"max-snippet:-1","max-image-preview":"max-image-preview:large","max-video-preview":"max-video-preview:-1"},"canonical":"https:\/\/sgpavimentos.cl\/sitio\/endurecedor-de-superficies\/","og_locale":"es_ES","og_type":"article","og_title":"Aplicaci\u00f3n de Endurecedor de Superficies - PAVIMENTOS INDUSTRIALES S.G.","og_description":"Servicio de aplicaci\u00f3n de endurecedor de superficies, personal calificado con a\u00f1os de experiencia. Regi\u00f3n del Maule - Talca y alrededores","og_url":"https:\/\/sgpavimentos.cl\/sitio\/endurecedor-de-superficies\/","og_site_name":"PAVIMENTOS INDUSTRIALES S.G.","article_modified_time":"2025-06-24T18:12:29+00:00","twitter_card":"summary_large_image","twitter_misc":{"Tiempo de lectura":"1 minuto"},"schema":{"@context":"https:\/\/schema.org","@graph":[{"@type":"WebPage","@id":"https:\/\/sgpavimentos.cl\/sitio\/endurecedor-de-superficies\/","url":"https:\/\/sgpavimentos.cl\/sitio\/endurecedor-de-superficies\/","name":"Aplicaci\u00f3n de Endurecedor de Superficies - PAVIMENTOS INDUSTRIALES S.G.","isPartOf":{"@id":"https:\/\/sgpavimentos.cl\/sitio\/#website"},"datePublished":"2025-06-16T21:29:06+00:00","dateModified":"2025-06-24T18:12:29+00:00","description":"Servicio de aplicaci\u00f3n de endurecedor de superficies, personal calificado con a\u00f1os de experiencia. Regi\u00f3n del Maule - Talca y alrededores","breadcrumb":{"@id":"https:\/\/sgpavimentos.cl\/sitio\/endurecedor-de-superficies\/#breadcrumb"},"inLanguage":"es","potentialAction":[{"@type":"ReadAction","target":["https:\/\/sgpavimentos.cl\/sitio\/endurecedor-de-superficies\/"]}]},{"@type":"BreadcrumbList","@id":"https:\/\/sgpavimentos.cl\/sitio\/endurecedor-de-superficies\/#breadcrumb","itemListElement":[{"@type":"ListItem","position":1,"name":"Portada","item":"https:\/\/sgpavimentos.cl\/sitio\/"},{"@type":"ListItem","position":2,"name":"Aplicaci\u00f3n de Endurecedor de Superficies"}]},{"@type":"WebSite","@id":"https:\/\/sgpavimentos.cl\/sitio\/#website","url":"https:\/\/sgpavimentos.cl\/sitio\/","name":"PAVIMENTOS INDUSTRIALES S.G.","description":"","publisher":{"@id":"https:\/\/sgpavimentos.cl\/sitio\/#organization"},"potentialAction":[{"@type":"SearchAction","target":{"@type":"EntryPoint","urlTemplate":"https:\/\/sgpavimentos.cl\/sitio\/?s={search_term_string}"},"query-input":{"@type":"PropertyValueSpecification","valueRequired":true,"valueName":"search_term_string"}}],"inLanguage":"es"},{"@type":"Organization","@id":"https:\/\/sgpavimentos.cl\/sitio\/#organization","name":"PAVIMENTOS INDUSTRIALES S.G.","url":"https:\/\/sgpavimentos.cl\/sitio\/","logo":{"@type":"ImageObject","inLanguage":"es","@id":"https:\/\/sgpavimentos.cl\/sitio\/#\/schema\/logo\/image\/","url":"https:\/\/sgpavimentos.cl\/sitio\/wp-content\/uploads\/2025\/06\/logo-sgpavimentos-color-320x80-1.png","contentUrl":"https:\/\/sgpavimentos.cl\/sitio\/wp-content\/uploads\/2025\/06\/logo-sgpavimentos-color-320x80-1.png","width":320,"height":80,"caption":"PAVIMENTOS INDUSTRIALES S.G."},"image":{"@id":"https:\/\/sgpavimentos.cl\/sitio\/#\/schema\/logo\/image\/"}}]}},"_links":{"self":[{"href":"https:\/\/sgpavimentos.cl\/sitio\/wp-json\/wp\/v2\/pages\/167","targetHints":{"allow":["GET"]}}],"collection":[{"href":"https:\/\/sgpavimentos.cl\/sitio\/wp-json\/wp\/v2\/pages"}],"about":[{"href":"https:\/\/sgpavimentos.cl\/sitio\/wp-json\/wp\/v2\/types\/page"}],"author":[{"embeddable":true,"href":"https:\/\/sgpavimentos.cl\/sitio\/wp-json\/wp\/v2\/users\/1"}],"replies":[{"embeddable":true,"href":"https:\/\/sgpavimentos.cl\/sitio\/wp-json\/wp\/v2\/comments?post=167"}],"version-history":[{"count":3,"href":"https:\/\/sgpavimentos.cl\/sitio\/wp-json\/wp\/v2\/pages\/167\/revisions"}],"predecessor-version":[{"id":178,"href":"https:\/\/sgpavimentos.cl\/sitio\/wp-json\/wp\/v2\/pages\/167\/revisions\/178"}],"wp:attachment":[{"href":"https:\/\/sgpavimentos.cl\/sitio\/wp-json\/wp\/v2\/media?parent=167"}],"curies":[{"name":"wp","href":"https:\/\/api.w.org\/{rel}","templated":true}]}}