{"id":8,"date":"2025-05-29T22:14:28","date_gmt":"2025-05-29T22:14:28","guid":{"rendered":"http:\/\/sgpavimentos.cl\/sitio\/?page_id=8"},"modified":"2025-06-30T20:34:30","modified_gmt":"2025-06-30T20:34:30","slug":"pavimentos-industriales","status":"publish","type":"page","link":"https:\/\/sgpavimentos.cl\/sitio\/pavimentos-industriales\/","title":{"rendered":"Pavimentos Industriales S.G."},"content":{"rendered":"<style>.kb-row-layout-id8_536f9f-62 > .kt-row-column-wrap{align-content:start;}:where(.kb-row-layout-id8_536f9f-62 > .kt-row-column-wrap) > .wp-block-kadence-column{justify-content:start;}.kb-row-layout-id8_536f9f-62 > .kt-row-column-wrap{column-gap:var(--global-kb-gap-md, 2rem);row-gap:var(--global-kb-gap-md, 2rem);padding-top:var(--global-kb-spacing-sm, 1.5rem);padding-bottom:var(--global-kb-spacing-sm, 1.5rem);grid-template-columns:minmax(0, calc(65% - ((var(--global-kb-gap-md, 2rem) * 1 )\/2)))minmax(0, calc(35% - ((var(--global-kb-gap-md, 2rem) * 1 )\/2)));}.kb-row-layout-id8_536f9f-62 > .kt-row-layout-overlay{opacity:0.30;}@media all and (max-width: 1024px){.kb-row-layout-id8_536f9f-62 > .kt-row-column-wrap{grid-template-columns:repeat(2, minmax(0, 1fr));}}@media all and (max-width: 767px){.kb-row-layout-id8_536f9f-62 > .kt-row-column-wrap{grid-template-columns:minmax(0, 1fr);}}<\/style><div class=\"kb-row-layout-wrap kb-row-layout-id8_536f9f-62 alignnone wp-block-kadence-rowlayout\"><div class=\"kt-row-column-wrap kt-has-2-columns kt-row-layout-equal kt-tab-layout-inherit kt-mobile-layout-row kt-row-valign-top\">\n<style>.kadence-column8_ccc71b-02 > .kt-inside-inner-col,.kadence-column8_ccc71b-02 > .kt-inside-inner-col:before{border-top-left-radius:0px;border-top-right-radius:0px;border-bottom-right-radius:0px;border-bottom-left-radius:0px;}.kadence-column8_ccc71b-02 > .kt-inside-inner-col{column-gap:var(--global-kb-gap-sm, 1rem);}.kadence-column8_ccc71b-02 > .kt-inside-inner-col{flex-direction:column;}.kadence-column8_ccc71b-02 > .kt-inside-inner-col > .aligncenter{width:100%;}.kadence-column8_ccc71b-02 > .kt-inside-inner-col:before{opacity:0.3;}.kadence-column8_ccc71b-02{position:relative;}@media all and (max-width: 1024px){.kadence-column8_ccc71b-02 > .kt-inside-inner-col{flex-direction:column;}}@media all and (max-width: 767px){.kadence-column8_ccc71b-02 > .kt-inside-inner-col{flex-direction:column;}}<\/style>\n<div class=\"wp-block-kadence-column kadence-column8_ccc71b-02\"><div class=\"kt-inside-inner-col\">\n<p><strong>PAVIMENTOS INDUSTRIALES S.G.<\/strong>,&nbsp; R.U.T. 14.516.120-7, es una empresa dedicada a entregar <strong>Servicios de Construcci\u00f3n, Pavimentos Industriales,<\/strong> desde nuestro inicios nuestra empresa ha tratado de hacer trabajos en los cuales nos hemos comprometido al m\u00e1ximo para poder responder bien en las expectativas que nuestros clientes han puesto en nosotros, cada nueva obra es un desaf\u00edo,&nbsp; como tal estos han sido los cimientos s\u00f3lidos para ir creciendo cada d\u00eda y poder contar con m\u00e1s obras a nuestro haber.<\/p>\n\n\n\n<p>Contamos con personal capacitado para asegurar que las obras que realizamos sean seguras, eficientes y realizadas de acuerdo a los requerimientos del cliente.<\/p>\n\n\n\n<p>Podemos decir que hemos ayudado a construir varias obras de importancia en el Area Metropolitana, adem\u00e1s hacemos una gesti\u00f3n de calidad, esta ha sido una variable primordial en atenci\u00f3n a las elevadas exigencias de nuestros clientes.<\/p>\n\n\n\n<p>Sin lugar a dudas, nuestro mundo est\u00e1\u00a0 en constante cambio, la capacidad de hacer bien los trabajos que nos encomienda, ser\u00e1 la clave fundamental para tener un desarrollo constante, sustentable y de permanencia en el tiempo.<\/p>\n<\/div><\/div>\n\n\n<style>.kadence-column8_d7da10-6c > .kt-inside-inner-col,.kadence-column8_d7da10-6c > .kt-inside-inner-col:before{border-top-left-radius:0px;border-top-right-radius:0px;border-bottom-right-radius:0px;border-bottom-left-radius:0px;}.kadence-column8_d7da10-6c > .kt-inside-inner-col{column-gap:var(--global-kb-gap-sm, 1rem);}.kadence-column8_d7da10-6c > .kt-inside-inner-col{flex-direction:column;}.kadence-column8_d7da10-6c > .kt-inside-inner-col > .aligncenter{width:100%;}.kadence-column8_d7da10-6c > .kt-inside-inner-col:before{opacity:0.3;}.kadence-column8_d7da10-6c{position:relative;}@media all and (max-width: 1024px){.kadence-column8_d7da10-6c > .kt-inside-inner-col{flex-direction:column;}}@media all and (max-width: 767px){.kadence-column8_d7da10-6c > .kt-inside-inner-col{flex-direction:column;}}<\/style>\n<div class=\"wp-block-kadence-column kadence-column8_d7da10-6c\"><div class=\"kt-inside-inner-col\">\n<figure class=\"wp-block-video\"><video height=\"1296\" style=\"aspect-ratio: 720 \/ 1296;\" width=\"720\" controls src=\"http:\/\/sgpavimentos.cl\/sitio\/wp-content\/uploads\/2025\/06\/video1.mp4\"><\/video><\/figure>\n<\/div><\/div>\n\n<\/div><\/div>\n\n\n<p class=\"has-medium-font-size\"><strong>Nuestra misi\u00f3n:<\/strong><\/p>\n\n\n\n<p>Colaborar y apoyar el desarrollo de las obras o faenas al 100%, es decir,&nbsp; que cuenten con nosotros&nbsp;&nbsp;&nbsp; en todo momento, as\u00ed como tambi\u00e9n al crecimiento integral&nbsp;&nbsp;&nbsp; de&nbsp; la contribuci\u00f3n de acciones tangibles destinadas a aumentar&nbsp;&nbsp; la calidad, protecci\u00f3n del&nbsp; medioambiente,&nbsp;&nbsp; desarrollo humano&nbsp; y&nbsp; eficiencia&nbsp; de&nbsp; las organizaciones.<\/p>\n\n\n<style>.kb-row-layout-id8_e2f6da-fb > .kt-row-column-wrap{align-content:start;}:where(.kb-row-layout-id8_e2f6da-fb > .kt-row-column-wrap) > .wp-block-kadence-column{justify-content:start;}.kb-row-layout-id8_e2f6da-fb > .kt-row-column-wrap{column-gap:var(--global-kb-gap-md, 2rem);row-gap:var(--global-kb-gap-md, 2rem);padding-top:var(--global-kb-spacing-sm, 1.5rem);padding-bottom:var(--global-kb-spacing-sm, 1.5rem);grid-template-columns:repeat(2, minmax(0, 1fr));}.kb-row-layout-id8_e2f6da-fb > .kt-row-layout-overlay{opacity:0.30;}@media all and (max-width: 1024px){.kb-row-layout-id8_e2f6da-fb > .kt-row-column-wrap{grid-template-columns:repeat(2, minmax(0, 1fr));}}@media all and (max-width: 767px){.kb-row-layout-id8_e2f6da-fb > .kt-row-column-wrap{grid-template-columns:minmax(0, 1fr);}}<\/style><div class=\"kb-row-layout-wrap kb-row-layout-id8_e2f6da-fb alignnone wp-block-kadence-rowlayout\"><div class=\"kt-row-column-wrap kt-has-2-columns kt-row-layout-equal kt-tab-layout-inherit kt-mobile-layout-row kt-row-valign-top\">\n<style>.kadence-column8_b8a954-53 > .kt-inside-inner-col,.kadence-column8_b8a954-53 > .kt-inside-inner-col:before{border-top-left-radius:0px;border-top-right-radius:0px;border-bottom-right-radius:0px;border-bottom-left-radius:0px;}.kadence-column8_b8a954-53 > .kt-inside-inner-col{column-gap:var(--global-kb-gap-sm, 1rem);}.kadence-column8_b8a954-53 > .kt-inside-inner-col{flex-direction:column;}.kadence-column8_b8a954-53 > .kt-inside-inner-col > .aligncenter{width:100%;}.kadence-column8_b8a954-53 > .kt-inside-inner-col:before{opacity:0.3;}.kadence-column8_b8a954-53{position:relative;}@media all and (max-width: 1024px){.kadence-column8_b8a954-53 > .kt-inside-inner-col{flex-direction:column;}}@media all and (max-width: 767px){.kadence-column8_b8a954-53 > .kt-inside-inner-col{flex-direction:column;}}<\/style>\n<div class=\"wp-block-kadence-column kadence-column8_b8a954-53\"><div class=\"kt-inside-inner-col\">\n<p>Dentro de esas&nbsp; premisas,&nbsp; nuestra empresa&nbsp;&nbsp; quiere contribuir a dar respuestas a las necesidades de la construcci\u00f3n, aportando soluciones concretas para el desarrollo estrat\u00e9gico&nbsp; de sus recursos humanos, materiales y tecnol\u00f3gicos.<\/p>\n<\/div><\/div>\n\n\n<style>.kadence-column8_2f6a14-7c > .kt-inside-inner-col,.kadence-column8_2f6a14-7c > .kt-inside-inner-col:before{border-top-left-radius:0px;border-top-right-radius:0px;border-bottom-right-radius:0px;border-bottom-left-radius:0px;}.kadence-column8_2f6a14-7c > .kt-inside-inner-col{column-gap:var(--global-kb-gap-sm, 1rem);}.kadence-column8_2f6a14-7c > .kt-inside-inner-col{flex-direction:column;}.kadence-column8_2f6a14-7c > .kt-inside-inner-col > .aligncenter{width:100%;}.kadence-column8_2f6a14-7c > .kt-inside-inner-col:before{opacity:0.3;}.kadence-column8_2f6a14-7c{position:relative;}@media all and (max-width: 1024px){.kadence-column8_2f6a14-7c > .kt-inside-inner-col{flex-direction:column;}}@media all and (max-width: 767px){.kadence-column8_2f6a14-7c > .kt-inside-inner-col{flex-direction:column;}}<\/style>\n<div class=\"wp-block-kadence-column kadence-column8_2f6a14-7c\"><div class=\"kt-inside-inner-col\">\n<p>Las \u00e1reas de trabajo que podemos atender:<br>1.- Microempresa<br>2.- Mediana empresa<br>3.- Peque\u00f1a empresa<br>4.- Microempresa o particulares<br>5.- Otras<\/p>\n<\/div><\/div>\n\n<\/div><\/div>","protected":false},"excerpt":{"rendered":"<p>PAVIMENTOS INDUSTRIALES S.G.,&nbsp; R.U.T. 14.516.120-7, es una empresa dedicada a entregar Servicios de Construcci\u00f3n, Pavimentos Industriales, desde nuestro inicios nuestra empresa ha tratado de hacer trabajos en los cuales nos hemos comprometido al m\u00e1ximo para poder responder bien en las expectativas que nuestros clientes han puesto en nosotros, cada nueva obra es un desaf\u00edo,&nbsp; como&#8230;<\/p>\n","protected":false},"author":1,"featured_media":0,"parent":0,"menu_order":0,"comment_status":"closed","ping_status":"closed","template":"","meta":{"pagelayer_contact_templates":[],"_pagelayer_content":"","_kad_post_transparent":"","_kad_post_title":"","_kad_post_layout":"","_kad_post_sidebar_id":"","_kad_post_content_style":"","_kad_post_vertical_padding":"","_kad_post_feature":"","_kad_post_feature_position":"","_kad_post_header":false,"_kad_post_footer":false,"footnotes":""},"class_list":["post-8","page","type-page","status-publish","hentry"],"yoast_head":"<!-- This site is optimized with the Yoast SEO plugin v25.3.1 - https:\/\/yoast.com\/wordpress\/plugins\/seo\/ -->\n<title>Pavimentos Industriales S.G. - Pisos y pavimentos, reparaci\u00f3n y tratamiento<\/title>\n<meta name=\"description\" content=\"Servicios pavimentos industriales, reparaci\u00f3n pisos bodegas, alto tr\u00e1fico, galpones, estacionamientos, Regi\u00f3n del Maule - Talca y alrededores\" \/>\n<meta name=\"robots\" content=\"index, follow, max-snippet:-1, max-image-preview:large, max-video-preview:-1\" \/>\n<link rel=\"canonical\" href=\"https:\/\/sgpavimentos.cl\/sitio\/pavimentos-industriales\/\" \/>\n<meta property=\"og:locale\" content=\"es_ES\" \/>\n<meta property=\"og:type\" content=\"article\" \/>\n<meta property=\"og:title\" content=\"Pavimentos Industriales S.G. - Pisos y pavimentos, reparaci\u00f3n y tratamiento\" \/>\n<meta property=\"og:description\" content=\"Servicios pavimentos industriales, reparaci\u00f3n pisos bodegas, alto tr\u00e1fico, galpones, estacionamientos, Regi\u00f3n del Maule - Talca y alrededores\" \/>\n<meta property=\"og:url\" content=\"https:\/\/sgpavimentos.cl\/sitio\/pavimentos-industriales\/\" \/>\n<meta property=\"og:site_name\" content=\"PAVIMENTOS INDUSTRIALES S.G.\" \/>\n<meta property=\"article:modified_time\" content=\"2025-06-30T20:34:30+00:00\" \/>\n<meta name=\"twitter:card\" content=\"summary_large_image\" \/>\n<meta name=\"twitter:label1\" content=\"Tiempo de lectura\" \/>\n\t<meta name=\"twitter:data1\" content=\"2 minutos\" \/>\n<script type=\"application\/ld+json\" class=\"yoast-schema-graph\">{\"@context\":\"https:\/\/schema.org\",\"@graph\":[{\"@type\":\"WebPage\",\"@id\":\"https:\/\/sgpavimentos.cl\/sitio\/pavimentos-industriales\/\",\"url\":\"https:\/\/sgpavimentos.cl\/sitio\/pavimentos-industriales\/\",\"name\":\"Pavimentos Industriales S.G. - Pisos y pavimentos, reparaci\u00f3n y tratamiento\",\"isPartOf\":{\"@id\":\"https:\/\/sgpavimentos.cl\/sitio\/#website\"},\"datePublished\":\"2025-05-29T22:14:28+00:00\",\"dateModified\":\"2025-06-30T20:34:30+00:00\",\"description\":\"Servicios pavimentos industriales, reparaci\u00f3n pisos bodegas, alto tr\u00e1fico, galpones, estacionamientos, Regi\u00f3n del Maule - Talca y alrededores\",\"breadcrumb\":{\"@id\":\"https:\/\/sgpavimentos.cl\/sitio\/pavimentos-industriales\/#breadcrumb\"},\"inLanguage\":\"es\",\"potentialAction\":[{\"@type\":\"ReadAction\",\"target\":[\"https:\/\/sgpavimentos.cl\/sitio\/pavimentos-industriales\/\"]}]},{\"@type\":\"BreadcrumbList\",\"@id\":\"https:\/\/sgpavimentos.cl\/sitio\/pavimentos-industriales\/#breadcrumb\",\"itemListElement\":[{\"@type\":\"ListItem\",\"position\":1,\"name\":\"Portada\",\"item\":\"https:\/\/sgpavimentos.cl\/sitio\/\"},{\"@type\":\"ListItem\",\"position\":2,\"name\":\"Pavimentos Industriales S.G.\"}]},{\"@type\":\"WebSite\",\"@id\":\"https:\/\/sgpavimentos.cl\/sitio\/#website\",\"url\":\"https:\/\/sgpavimentos.cl\/sitio\/\",\"name\":\"PAVIMENTOS INDUSTRIALES S.G.\",\"description\":\"\",\"publisher\":{\"@id\":\"https:\/\/sgpavimentos.cl\/sitio\/#organization\"},\"potentialAction\":[{\"@type\":\"SearchAction\",\"target\":{\"@type\":\"EntryPoint\",\"urlTemplate\":\"https:\/\/sgpavimentos.cl\/sitio\/?s={search_term_string}\"},\"query-input\":{\"@type\":\"PropertyValueSpecification\",\"valueRequired\":true,\"valueName\":\"search_term_string\"}}],\"inLanguage\":\"es\"},{\"@type\":\"Organization\",\"@id\":\"https:\/\/sgpavimentos.cl\/sitio\/#organization\",\"name\":\"PAVIMENTOS INDUSTRIALES S.G.\",\"url\":\"https:\/\/sgpavimentos.cl\/sitio\/\",\"logo\":{\"@type\":\"ImageObject\",\"inLanguage\":\"es\",\"@id\":\"https:\/\/sgpavimentos.cl\/sitio\/#\/schema\/logo\/image\/\",\"url\":\"https:\/\/sgpavimentos.cl\/sitio\/wp-content\/uploads\/2025\/06\/logo-sgpavimentos-color-320x80-1.png\",\"contentUrl\":\"https:\/\/sgpavimentos.cl\/sitio\/wp-content\/uploads\/2025\/06\/logo-sgpavimentos-color-320x80-1.png\",\"width\":320,\"height\":80,\"caption\":\"PAVIMENTOS INDUSTRIALES S.G.\"},\"image\":{\"@id\":\"https:\/\/sgpavimentos.cl\/sitio\/#\/schema\/logo\/image\/\"}}]}<\/script>\n<!-- \/ Yoast SEO plugin. -->","yoast_head_json":{"title":"Pavimentos Industriales S.G. - Pisos y pavimentos, reparaci\u00f3n y tratamiento","description":"Servicios pavimentos industriales, reparaci\u00f3n pisos bodegas, alto tr\u00e1fico, galpones, estacionamientos, Regi\u00f3n del Maule - Talca y alrededores","robots":{"index":"index","follow":"follow","max-snippet":"max-snippet:-1","max-image-preview":"max-image-preview:large","max-video-preview":"max-video-preview:-1"},"canonical":"https:\/\/sgpavimentos.cl\/sitio\/pavimentos-industriales\/","og_locale":"es_ES","og_type":"article","og_title":"Pavimentos Industriales S.G. - Pisos y pavimentos, reparaci\u00f3n y tratamiento","og_description":"Servicios pavimentos industriales, reparaci\u00f3n pisos bodegas, alto tr\u00e1fico, galpones, estacionamientos, Regi\u00f3n del Maule - Talca y alrededores","og_url":"https:\/\/sgpavimentos.cl\/sitio\/pavimentos-industriales\/","og_site_name":"PAVIMENTOS INDUSTRIALES S.G.","article_modified_time":"2025-06-30T20:34:30+00:00","twitter_card":"summary_large_image","twitter_misc":{"Tiempo de lectura":"2 minutos"},"schema":{"@context":"https:\/\/schema.org","@graph":[{"@type":"WebPage","@id":"https:\/\/sgpavimentos.cl\/sitio\/pavimentos-industriales\/","url":"https:\/\/sgpavimentos.cl\/sitio\/pavimentos-industriales\/","name":"Pavimentos Industriales S.G. - Pisos y pavimentos, reparaci\u00f3n y tratamiento","isPartOf":{"@id":"https:\/\/sgpavimentos.cl\/sitio\/#website"},"datePublished":"2025-05-29T22:14:28+00:00","dateModified":"2025-06-30T20:34:30+00:00","description":"Servicios pavimentos industriales, reparaci\u00f3n pisos bodegas, alto tr\u00e1fico, galpones, estacionamientos, Regi\u00f3n del Maule - Talca y alrededores","breadcrumb":{"@id":"https:\/\/sgpavimentos.cl\/sitio\/pavimentos-industriales\/#breadcrumb"},"inLanguage":"es","potentialAction":[{"@type":"ReadAction","target":["https:\/\/sgpavimentos.cl\/sitio\/pavimentos-industriales\/"]}]},{"@type":"BreadcrumbList","@id":"https:\/\/sgpavimentos.cl\/sitio\/pavimentos-industriales\/#breadcrumb","itemListElement":[{"@type":"ListItem","position":1,"name":"Portada","item":"https:\/\/sgpavimentos.cl\/sitio\/"},{"@type":"ListItem","position":2,"name":"Pavimentos Industriales S.G."}]},{"@type":"WebSite","@id":"https:\/\/sgpavimentos.cl\/sitio\/#website","url":"https:\/\/sgpavimentos.cl\/sitio\/","name":"PAVIMENTOS INDUSTRIALES S.G.","description":"","publisher":{"@id":"https:\/\/sgpavimentos.cl\/sitio\/#organization"},"potentialAction":[{"@type":"SearchAction","target":{"@type":"EntryPoint","urlTemplate":"https:\/\/sgpavimentos.cl\/sitio\/?s={search_term_string}"},"query-input":{"@type":"PropertyValueSpecification","valueRequired":true,"valueName":"search_term_string"}}],"inLanguage":"es"},{"@type":"Organization","@id":"https:\/\/sgpavimentos.cl\/sitio\/#organization","name":"PAVIMENTOS INDUSTRIALES S.G.","url":"https:\/\/sgpavimentos.cl\/sitio\/","logo":{"@type":"ImageObject","inLanguage":"es","@id":"https:\/\/sgpavimentos.cl\/sitio\/#\/schema\/logo\/image\/","url":"https:\/\/sgpavimentos.cl\/sitio\/wp-content\/uploads\/2025\/06\/logo-sgpavimentos-color-320x80-1.png","contentUrl":"https:\/\/sgpavimentos.cl\/sitio\/wp-content\/uploads\/2025\/06\/logo-sgpavimentos-color-320x80-1.png","width":320,"height":80,"caption":"PAVIMENTOS INDUSTRIALES S.G."},"image":{"@id":"https:\/\/sgpavimentos.cl\/sitio\/#\/schema\/logo\/image\/"}}]}},"_links":{"self":[{"href":"https:\/\/sgpavimentos.cl\/sitio\/wp-json\/wp\/v2\/pages\/8","targetHints":{"allow":["GET"]}}],"collection":[{"href":"https:\/\/sgpavimentos.cl\/sitio\/wp-json\/wp\/v2\/pages"}],"about":[{"href":"https:\/\/sgpavimentos.cl\/sitio\/wp-json\/wp\/v2\/types\/page"}],"author":[{"embeddable":true,"href":"https:\/\/sgpavimentos.cl\/sitio\/wp-json\/wp\/v2\/users\/1"}],"replies":[{"embeddable":true,"href":"https:\/\/sgpavimentos.cl\/sitio\/wp-json\/wp\/v2\/comments?post=8"}],"version-history":[{"count":8,"href":"https:\/\/sgpavimentos.cl\/sitio\/wp-json\/wp\/v2\/pages\/8\/revisions"}],"predecessor-version":[{"id":212,"href":"https:\/\/sgpavimentos.cl\/sitio\/wp-json\/wp\/v2\/pages\/8\/revisions\/212"}],"wp:attachment":[{"href":"https:\/\/sgpavimentos.cl\/sitio\/wp-json\/wp\/v2\/media?parent=8"}],"curies":[{"name":"wp","href":"https:\/\/api.w.org\/{rel}","templated":true}]}}